
{"id":90,"date":"2024-05-24T19:28:20","date_gmt":"2024-05-24T22:28:20","guid":{"rendered":"https:\/\/ipepbrasil.org.br\/ead\/?page_id=90"},"modified":"2024-12-13T06:15:59","modified_gmt":"2024-12-13T09:15:59","slug":"access","status":"publish","type":"page","link":"https:\/\/ipepbrasil.org.br\/ead\/access\/","title":{"rendered":"Login"},"content":{"rendered":"\t\t<div data-elementor-type=\"wp-page\" data-elementor-id=\"90\" class=\"elementor elementor-90\" data-elementor-post-type=\"page\">\r\n\t\t\t\t<div class=\"elementor-element elementor-element-4e710090 e-con-full e-flex e-con e-parent\" data-id=\"4e710090\" data-element_type=\"container\">\r\n\t\t<div class=\"elementor-element elementor-element-60711fb5 e-con-full e-flex e-con e-child\" data-id=\"60711fb5\" data-element_type=\"container\">\r\n\t\t\t\t<div class=\"elementor-element elementor-element-2355c69b elementor-widget elementor-widget-text-editor\" data-id=\"2355c69b\" data-element_type=\"widget\" data-widget_type=\"text-editor.default\">\r\n\t\t\t\t<div class=\"elementor-widget-container\">\r\n\t\t\t<style>\/*! elementor - v3.23.0 - 05-08-2024 *\/\n.elementor-widget-text-editor.elementor-drop-cap-view-stacked .elementor-drop-cap{background-color:#69727d;color:#fff}.elementor-widget-text-editor.elementor-drop-cap-view-framed .elementor-drop-cap{color:#69727d;border:3px solid;background-color:transparent}.elementor-widget-text-editor:not(.elementor-drop-cap-view-default) .elementor-drop-cap{margin-top:8px}.elementor-widget-text-editor:not(.elementor-drop-cap-view-default) .elementor-drop-cap-letter{width:1em;height:1em}.elementor-widget-text-editor .elementor-drop-cap{float:left;text-align:center;line-height:1;font-size:50px}.elementor-widget-text-editor .elementor-drop-cap-letter{display:inline-block}<\/style>\t\t\t\t<p><span class=\"footer-message\">EAD IPEP 2024 &#8211; Todos os Direitos Reservados<\/span><\/p>\t\t\t\t\t\t<\/div>\r\n\t\t\t\t<\/div>\r\n\t\t\t\t<\/div>\r\n\t\t<div class=\"elementor-element elementor-element-7097b26b e-con-full e-flex e-con e-child\" data-id=\"7097b26b\" data-element_type=\"container\" data-settings=\"{&quot;background_background&quot;:&quot;classic&quot;}\">\r\n\t\t<div class=\"elementor-element elementor-element-773d6289 e-con-full e-flex e-con e-child\" data-id=\"773d6289\" data-element_type=\"container\">\r\n\t\t\t\t<div class=\"elementor-element elementor-element-1f6d30a0 elementor-widget elementor-widget-image\" data-id=\"1f6d30a0\" data-element_type=\"widget\" data-widget_type=\"image.default\">\r\n\t\t\t\t<div class=\"elementor-widget-container\">\r\n\t\t\t<style>\/*! elementor - v3.23.0 - 05-08-2024 *\/\n.elementor-widget-image{text-align:center}.elementor-widget-image a{display:inline-block}.elementor-widget-image a img[src$=\".svg\"]{width:48px}.elementor-widget-image img{vertical-align:middle;display:inline-block}<\/style>\t\t\t\t\t\t\t\t\t\t<img decoding=\"async\" src=\"https:\/\/ipepbrasil.org.br\/images\/logo-ipep\/logo-fundo-branco.png\" title=\"\" alt=\"\" loading=\"lazy\" \/>\t\t\t\t\t\t\t\t\t\t\t\t\t<\/div>\r\n\t\t\t\t<\/div>\r\n\t\t\t\t<\/div>\r\n\t\t<div class=\"elementor-element elementor-element-1f9ca005 e-con-full loginSection e-flex e-con e-child\" data-id=\"1f9ca005\" data-element_type=\"container\">\r\n\t\t\t\t<div class=\"elementor-element elementor-element-1ff723a1 elementor-button-align-stretch elementor-widget elementor-widget-login\" data-id=\"1ff723a1\" data-element_type=\"widget\" id=\"login\" data-widget_type=\"login.default\">\r\n\t\t\t\t<div class=\"elementor-widget-container\">\r\n\t\t\t<style>\/*! elementor-pro - v3.23.0 - 05-08-2024 *\/\n.elementor-button.elementor-hidden,.elementor-hidden{display:none}.e-form__step{width:100%}.e-form__step:not(.elementor-hidden){display:flex;flex-wrap:wrap}.e-form__buttons{flex-wrap:wrap}.e-form__buttons,.e-form__buttons__wrapper{display:flex}.e-form__indicators{display:flex;justify-content:space-between;align-items:center;flex-wrap:nowrap;font-size:13px;margin-bottom:var(--e-form-steps-indicators-spacing)}.e-form__indicators__indicator{display:flex;flex-direction:column;align-items:center;justify-content:center;flex-basis:0;padding:0 var(--e-form-steps-divider-gap)}.e-form__indicators__indicator__progress{width:100%;position:relative;background-color:var(--e-form-steps-indicator-progress-background-color);border-radius:var(--e-form-steps-indicator-progress-border-radius);overflow:hidden}.e-form__indicators__indicator__progress__meter{width:var(--e-form-steps-indicator-progress-meter-width,0);height:var(--e-form-steps-indicator-progress-height);line-height:var(--e-form-steps-indicator-progress-height);padding-right:15px;border-radius:var(--e-form-steps-indicator-progress-border-radius);background-color:var(--e-form-steps-indicator-progress-color);color:var(--e-form-steps-indicator-progress-meter-color);text-align:right;transition:width .1s linear}.e-form__indicators__indicator:first-child{padding-left:0}.e-form__indicators__indicator:last-child{padding-right:0}.e-form__indicators__indicator--state-inactive{color:var(--e-form-steps-indicator-inactive-primary-color,#c2cbd2)}.e-form__indicators__indicator--state-inactive [class*=indicator--shape-]:not(.e-form__indicators__indicator--shape-none){background-color:var(--e-form-steps-indicator-inactive-secondary-color,#fff)}.e-form__indicators__indicator--state-inactive object,.e-form__indicators__indicator--state-inactive svg{fill:var(--e-form-steps-indicator-inactive-primary-color,#c2cbd2)}.e-form__indicators__indicator--state-active{color:var(--e-form-steps-indicator-active-primary-color,#39b54a);border-color:var(--e-form-steps-indicator-active-secondary-color,#fff)}.e-form__indicators__indicator--state-active [class*=indicator--shape-]:not(.e-form__indicators__indicator--shape-none){background-color:var(--e-form-steps-indicator-active-secondary-color,#fff)}.e-form__indicators__indicator--state-active object,.e-form__indicators__indicator--state-active svg{fill:var(--e-form-steps-indicator-active-primary-color,#39b54a)}.e-form__indicators__indicator--state-completed{color:var(--e-form-steps-indicator-completed-secondary-color,#fff)}.e-form__indicators__indicator--state-completed [class*=indicator--shape-]:not(.e-form__indicators__indicator--shape-none){background-color:var(--e-form-steps-indicator-completed-primary-color,#39b54a)}.e-form__indicators__indicator--state-completed .e-form__indicators__indicator__label{color:var(--e-form-steps-indicator-completed-primary-color,#39b54a)}.e-form__indicators__indicator--state-completed .e-form__indicators__indicator--shape-none{color:var(--e-form-steps-indicator-completed-primary-color,#39b54a);background-color:initial}.e-form__indicators__indicator--state-completed object,.e-form__indicators__indicator--state-completed svg{fill:var(--e-form-steps-indicator-completed-secondary-color,#fff)}.e-form__indicators__indicator__icon{width:var(--e-form-steps-indicator-padding,30px);height:var(--e-form-steps-indicator-padding,30px);font-size:var(--e-form-steps-indicator-icon-size);border-width:1px;border-style:solid;display:flex;justify-content:center;align-items:center;overflow:hidden;margin-bottom:10px}.e-form__indicators__indicator__icon img,.e-form__indicators__indicator__icon object,.e-form__indicators__indicator__icon svg{width:var(--e-form-steps-indicator-icon-size);height:auto}.e-form__indicators__indicator__icon .e-font-icon-svg{height:1em}.e-form__indicators__indicator__number{width:var(--e-form-steps-indicator-padding,30px);height:var(--e-form-steps-indicator-padding,30px);border-width:1px;border-style:solid;display:flex;justify-content:center;align-items:center;margin-bottom:10px}.e-form__indicators__indicator--shape-circle{border-radius:50%}.e-form__indicators__indicator--shape-square{border-radius:0}.e-form__indicators__indicator--shape-rounded{border-radius:5px}.e-form__indicators__indicator--shape-none{border:0}.e-form__indicators__indicator__label{text-align:center}.e-form__indicators__indicator__separator{width:100%;height:var(--e-form-steps-divider-width);background-color:#babfc5}.e-form__indicators--type-icon,.e-form__indicators--type-icon_text,.e-form__indicators--type-number,.e-form__indicators--type-number_text{align-items:flex-start}.e-form__indicators--type-icon .e-form__indicators__indicator__separator,.e-form__indicators--type-icon_text .e-form__indicators__indicator__separator,.e-form__indicators--type-number .e-form__indicators__indicator__separator,.e-form__indicators--type-number_text .e-form__indicators__indicator__separator{margin-top:calc(var(--e-form-steps-indicator-padding, 30px) \/ 2 - var(--e-form-steps-divider-width, 1px) \/ 2)}.elementor-field-type-hidden{display:none}.elementor-field-type-html{display:inline-block}.elementor-field-type-tel input{direction:inherit}.elementor-login .elementor-lost-password,.elementor-login .elementor-remember-me{font-size:.85em}.elementor-field-type-recaptcha_v3 .elementor-field-label{display:none}.elementor-field-type-recaptcha_v3 .grecaptcha-badge{z-index:1}.elementor-button .elementor-form-spinner{order:3}.elementor-form .elementor-button .elementor-button-content-wrapper{align-items:center}.elementor-form .elementor-button .elementor-button-text{white-space:normal}.elementor-form .elementor-button svg{height:auto}.elementor-form .elementor-button .e-font-icon-svg{height:1em}.elementor-form .elementor-button .elementor-button-content-wrapper{gap:5px}.elementor-form .elementor-button .elementor-button-icon,.elementor-form .elementor-button .elementor-button-text{flex-grow:unset;order:unset}.elementor-select-wrapper .select-caret-down-wrapper{position:absolute;top:50%;transform:translateY(-50%);inset-inline-end:10px;pointer-events:none;font-size:11px}.elementor-select-wrapper .select-caret-down-wrapper svg{display:unset;width:1em;aspect-ratio:unset;fill:currentColor}.elementor-select-wrapper .select-caret-down-wrapper i{font-size:19px;line-height:2}.elementor-select-wrapper.remove-before:before{content:\"\"!important}.elementor-message-svg:before{content:\"\";width:1em;height:1em;background-image:url(\"data:image\/svg+xml;base64,PHN2ZyB3aWR0aD0iMTQiIGhlaWdodD0iMTEiIGZpbGw9Im5vbmUiIHhtbG5zPSJodHRwOi8vd3d3LnczLm9yZy8yMDAwL3N2ZyI+PHBhdGggZmlsbC1ydWxlPSJldmVub2RkIiBjbGlwLXJ1bGU9ImV2ZW5vZGQiIGQ9Ik00Ljc1IDguMTVMMS42IDUgLjU1IDYuMDVsNC4yIDQuMiA5LTlMMTIuNy4yIDQuNzUgOC4xNXoiIGZpbGw9IiMwMDhBMjAiLz48L3N2Zz4=\");background-position:50%;background-repeat:no-repeat}<\/style>\t\t<form class=\"elementor-login elementor-form\" method=\"post\" action=\"https:\/\/ipepbrasil.org.br\/ead\/wp-login.php\">\r\n\t\t\t<input type=\"hidden\" name=\"redirect_to\" value=\"https:\/\/ipepbrasil.org.br\/ead\/\">\r\n\t\t\t<div class=\"elementor-form-fields-wrapper\">\r\n\t\t\t\t<div class=\"elementor-field-type-text elementor-field-group elementor-column elementor-col-100 elementor-field-required\">\r\n\t\t\t\t\t<label for=\"user-1ff723a1\" class=\"elementor-field-label\">E-mail<\/label>\r\n\t\t\t\t\t<input size=\"1\" type=\"text\" name=\"log\" id=\"user-1ff723a1\" placeholder=\"\" class=\"elementor-field elementor-field-textual elementor-size-sm\">\r\n\t\t\t\t<\/div>\r\n\t\t\t\t<div class=\"elementor-field-type-text elementor-field-group elementor-column elementor-col-100 elementor-field-required\">\r\n\t\t\t\t\t<label for=\"password-1ff723a1\" class=\"elementor-field-label\">Senha<\/label>\r\n\t\t\t\t\t<input size=\"1\" type=\"password\" name=\"pwd\" id=\"password-1ff723a1\" placeholder=\"\" class=\"elementor-field elementor-field-textual elementor-size-sm\">\r\n\t\t\t\t<\/div>\r\n\r\n\t\t\t\t\t\t\t\t\t<div class=\"elementor-field-type-checkbox elementor-field-group elementor-column elementor-col-100 elementor-remember-me\">\r\n\t\t\t\t\t\t<label for=\"elementor-login-remember-me\">\r\n\t\t\t\t\t\t\t<input type=\"checkbox\" id=\"elementor-login-remember-me\" name=\"rememberme\" value=\"forever\">\r\n\t\t\t\t\t\t\tRemember Me\t\t\t\t\t\t<\/label>\r\n\t\t\t\t\t<\/div>\r\n\t\t\t\t\r\n\t\t\t\t<div class=\"elementor-field-group elementor-column elementor-field-type-submit elementor-col-100\">\r\n\t\t\t\t\t<button type=\"submit\" class=\"elementor-size-sm elementor-button\" name=\"wp-submit\">\r\n\t\t\t\t\t\t\t\t\t\t\t\t\t\t\t<span class=\"elementor-button-text\">Entrar<\/span>\r\n\t\t\t\t\t\t\t\t\t\t\t\t<\/button>\r\n\t\t\t\t<\/div>\r\n\r\n\t\t\t\t\t\t\t<\/div>\r\n\t\t<\/form>\r\n\t\t\t\t<\/div>\r\n\t\t\t\t<\/div>\r\n\t\t\t\t<\/div>\r\n\t\t<div class=\"elementor-element elementor-element-4c1787b3 e-con-full e-flex e-con e-child\" data-id=\"4c1787b3\" data-element_type=\"container\">\r\n\t\t\t\t<div class=\"elementor-element elementor-element-1c004727 elementor-widget elementor-widget-heading\" data-id=\"1c004727\" data-element_type=\"widget\" data-widget_type=\"heading.default\">\r\n\t\t\t\t<div class=\"elementor-widget-container\">\r\n\t\t\t<style>\/*! elementor - v3.23.0 - 05-08-2024 *\/\n.elementor-heading-title{padding:0;margin:0;line-height:1}.elementor-widget-heading .elementor-heading-title[class*=elementor-size-]>a{color:inherit;font-size:inherit;line-height:inherit}.elementor-widget-heading .elementor-heading-title.elementor-size-small{font-size:15px}.elementor-widget-heading .elementor-heading-title.elementor-size-medium{font-size:19px}.elementor-widget-heading .elementor-heading-title.elementor-size-large{font-size:29px}.elementor-widget-heading .elementor-heading-title.elementor-size-xl{font-size:39px}.elementor-widget-heading .elementor-heading-title.elementor-size-xxl{font-size:59px}<\/style><h2 class=\"elementor-heading-title elementor-size-default\">Ainda n\u00e3o tem uma  senha?<\/h2>\t\t<\/div>\r\n\t\t\t\t<\/div>\r\n\t\t\t\t<div class=\"elementor-element elementor-element-79ace21b elementor-widget elementor-widget-text-editor\" data-id=\"79ace21b\" data-element_type=\"widget\" data-widget_type=\"text-editor.default\">\r\n\t\t\t\t<div class=\"elementor-widget-container\">\r\n\t\t\t\t\t\t\t<p>Clique no bot\u00e3o abaixo para criar ou redefinir sua senha de acesso<\/p>\t\t\t\t\t\t<\/div>\r\n\t\t\t\t<\/div>\r\n\t\t\t\t<div class=\"elementor-element elementor-element-4d496bab elementor-align-center elementor-widget elementor-widget-button\" data-id=\"4d496bab\" data-element_type=\"widget\" data-widget_type=\"button.default\">\r\n\t\t\t\t<div class=\"elementor-widget-container\">\r\n\t\t\t\t\t<div class=\"elementor-button-wrapper\">\r\n\t\t\t<a class=\"elementor-button elementor-button-link elementor-size-sm\" href=\"https:\/\/ipepbrasil.org.br\/ead\/reset\/\">\r\n\t\t\t\t\t\t<span class=\"elementor-button-content-wrapper\">\r\n\t\t\t\t\t\t\t\t\t<span class=\"elementor-button-text\">Criar ou alterar senha<\/span>\r\n\t\t\t\t\t<\/span>\r\n\t\t\t\t\t<\/a>\r\n\t\t<\/div>\r\n\t\t\t\t<\/div>\r\n\t\t\t\t<\/div>\r\n\t\t\t\t<\/div>\r\n\t\t\t\t<div class=\"elementor-element elementor-element-59e7d74 elementor-widget elementor-widget-html\" data-id=\"59e7d74\" data-element_type=\"widget\" data-widget_type=\"html.default\">\r\n\t\t\t\t<div class=\"elementor-widget-container\">\r\n\t\t\t\n<style>\n\/* Estilo para o contorno vermelho dos campos de erro *\/\n.input-error {\n    border: 2px solid red !important;\n}\n\n\/* Estilo para a div de mensagem de erro *\/\n.error-messages {\n    color: red;\n    font-size: 14px;\n    margin-bottom: 10px;\n    display: block;\n    background-color: #ffdddd;\n    padding: 10px;\n    border: 1px solid red;\n    border-radius: 5px;\n    position: fixed;\n    top: 10px;\n    left: 50%;\n    transform: translateX(-50%);\n    z-index: 1000;\n}\n\n<\/style>\n<style>\n  .password-field-wrapper {\n    position: relative;\n    display: inline-block;\n    width: 100%;\n  }\n\n  .password-field-wrapper input[type=\"password\"], \n  .password-field-wrapper input[type=\"text\"] {\n    width: 100%;\n    box-sizing: border-box;\n    padding-right: 40px; \/* Espa\u00e7o para o \u00edcone *\/\n  }\n\n  .password-field-wrapper .toggle-password {\n    position: absolute;\n    top: 50%;\n    right: 10px;\n    transform: translateY(-50%);\n    cursor: pointer;\n    font-size: 18px;\n  }\n<\/style>\n<link rel=\"stylesheet\" href=\"https:\/\/cdnjs.cloudflare.com\/ajax\/libs\/font-awesome\/6.0.0-beta3\/css\/all.min.css\">\n\n<script>\n    document.addEventListener('DOMContentLoaded', function() {\n      const passwordInput = document.querySelector('input[type=\"password\"]');\n      if (passwordInput) {\n        const wrapper = document.createElement('div');\n        wrapper.classList.add('password-field-wrapper');\n        passwordInput.parentNode.insertBefore(wrapper, passwordInput);\n        wrapper.appendChild(passwordInput);\n\n        const toggleButton = document.createElement('span');\n        toggleButton.classList.add('toggle-password');\n        toggleButton.innerHTML = '<i class=\"fas fa-eye\"><\/i>'; \/\/ \u00cdcone de olho aberto\n        wrapper.appendChild(toggleButton);\n\n        toggleButton.addEventListener('click', function() {\n          const type = passwordInput.getAttribute('type') === 'password' ? 'text' : 'password';\n          passwordInput.setAttribute('type', type);\n          this.innerHTML = type === 'password' ? '<i class=\"fas fa-eye\"><\/i>' : '<i class=\"fas fa-eye-slash\"><\/i>'; \/\/ Alterna entre olho aberto e fechado\n        });\n      }\n    });\n  <\/script>\n<script>\njQuery(document).ready(function($) {\n    \/\/ Verificar a presen\u00e7a de ?login=failed na URL\n    var urlParams = new URLSearchParams(window.location.search);\n    if (urlParams.has('login') && urlParams.get('login') === 'failed') {\n        \/\/ Exibir a mensagem de erro\n        $('body').prepend('<div class=\"error-messages\">Email e\/ou senha incorreta<\/div>');\n        \n        \/\/ Remover par\u00e2metros duplicados de login=failed na URL\n        urlParams.delete('login');\n        window.history.replaceState(null, null, window.location.pathname + '?' + urlParams.toString());\n\n        \/\/ Ocultar a mensagem de erro ao clicar em qualquer lugar\n        $(document).on('click', function() {\n            $('.error-messages').fadeOut('slow', function() {\n                $(this).remove();\n            });\n        });\n    }\n\n    \/\/ Valida\u00e7\u00e3o de formul\u00e1rio ao enviar\n    $('form.elementor-login').on('submit', function(e) {\n        var isValid = true;\n        var errorMessages = [];\n\n        \/\/ Limpar mensagens de erro anteriores\n        $('.error-messages').remove();\n        $('.input-error').removeClass('input-error');\n\n        \/\/ Validar campo de email\n        var emailField = $('#user');\n        if (emailField.val().trim() === '') {\n            isValid = false;\n            emailField.addClass('input-error');\n            errorMessages.push('Informe seu email');\n        }\n\n        \/\/ Validar campo de senha\n        var passwordField = $('#password');\n        if (passwordField.val().trim() === '') {\n            isValid = false;\n            passwordField.addClass('input-error');\n            errorMessages.push('Informe sua senha');\n        }\n\n        \/\/ Previne o envio do formul\u00e1rio se houver erros\n        if (!isValid) {\n            e.preventDefault();\n            var errorHtml = '<div class=\"error-messages\">' + errorMessages.join('<br>') + '<\/div>';\n            $(this).before(errorHtml);\n            $('.error-messages').show();\n        }\n    });\n\n    \/\/ Remover elementos de erro vazio na inicializa\u00e7\u00e3o\n    $('.error-messages:empty').remove();\n});\n\n<\/script>\n\t\t<\/div>\r\n\t\t\t\t<\/div>\r\n\t\t\t\t<\/div>\r\n\t\t\t\t<\/div>\r\n\t\t\t\t<\/div>\r\n\t\t","protected":false},"excerpt":{"rendered":"<p>EAD IPEP 2024 &#8211; Todos os Direitos Reservados Ainda n\u00e3o tem uma senha? Clique no bot\u00e3o abaixo para criar ou redefinir sua senha de acesso Criar ou alterar senha<\/p>\n","protected":false},"author":104,"featured_media":0,"parent":0,"menu_order":0,"comment_status":"closed","ping_status":"closed","template":"elementor_canvas","meta":{"footnotes":""},"class_list":["post-90","page","type-page","status-publish","hentry"],"_links":{"self":[{"href":"https:\/\/ipepbrasil.org.br\/ead\/wp-json\/wp\/v2\/pages\/90","targetHints":{"allow":["GET"]}}],"collection":[{"href":"https:\/\/ipepbrasil.org.br\/ead\/wp-json\/wp\/v2\/pages"}],"about":[{"href":"https:\/\/ipepbrasil.org.br\/ead\/wp-json\/wp\/v2\/types\/page"}],"author":[{"embeddable":true,"href":"https:\/\/ipepbrasil.org.br\/ead\/wp-json\/wp\/v2\/users\/104"}],"replies":[{"embeddable":true,"href":"https:\/\/ipepbrasil.org.br\/ead\/wp-json\/wp\/v2\/comments?post=90"}],"version-history":[{"count":107,"href":"https:\/\/ipepbrasil.org.br\/ead\/wp-json\/wp\/v2\/pages\/90\/revisions"}],"predecessor-version":[{"id":1427,"href":"https:\/\/ipepbrasil.org.br\/ead\/wp-json\/wp\/v2\/pages\/90\/revisions\/1427"}],"wp:attachment":[{"href":"https:\/\/ipepbrasil.org.br\/ead\/wp-json\/wp\/v2\/media?parent=90"}],"curies":[{"name":"wp","href":"https:\/\/api.w.org\/{rel}","templated":true}]}}