
{"id":1207,"date":"2024-06-26T10:42:19","date_gmt":"2024-06-26T13:42:19","guid":{"rendered":"https:\/\/ipepbrasil.org.br\/ead\/?page_id=1207"},"modified":"2024-06-26T11:33:52","modified_gmt":"2024-06-26T14:33:52","slug":"reset","status":"publish","type":"page","link":"https:\/\/ipepbrasil.org.br\/ead\/reset\/","title":{"rendered":"Password Reset"},"content":{"rendered":"\t\t<div data-elementor-type=\"wp-page\" data-elementor-id=\"1207\" class=\"elementor elementor-1207\" data-elementor-post-type=\"page\">\r\n\t\t\t\t<div class=\"elementor-element elementor-element-27ca191 e-con-full e-flex e-con e-parent\" data-id=\"27ca191\" data-element_type=\"container\" data-settings=\"{&quot;background_background&quot;:&quot;classic&quot;}\">\r\n\t\t\t\t<div class=\"elementor-element elementor-element-b747b64 elementor-widget elementor-widget-shortcode\" data-id=\"b747b64\" data-element_type=\"widget\" data-widget_type=\"shortcode.default\">\r\n\t\t\t\t<div class=\"elementor-widget-container\">\r\n\t\t\t\t\t<div class=\"elementor-shortcode\">\r\n<div class=\"um um-password um-um_password_id\">\r\n\t<div class=\"um-form\">\r\n\t\t<form method=\"post\" action=\"\">\r\n\t\t\t\r\n\t\t\t\t<input type=\"hidden\" name=\"_um_password_reset\" id=\"_um_password_reset\" value=\"1\" \/>\r\n\r\n\t\t\t\t\t\t\t\t\t<div class=\"um-field um-field-block um-field-type_block\">\r\n\t\t\t\t\t\t<div class=\"um-field-block\">\r\n\t\t\t\t\t\t\t<div style=\"text-align:center;\">\r\n\t\t\t\t\t\t\t\tPara redefinir sua senha, por favor insira seu e-mail abaixo.\t\t\t\t\t\t\t<\/div>\r\n\t\t\t\t\t\t<\/div>\r\n\t\t\t\t\t<\/div>\r\n\t\t\t\t<div  id=\"um_field_0_username_b\" class=\"um-field um-field-text  um-field-username_b um-field-text um-field-type_text\" data-key=\"username_b\"><div class=\"um-field-area\"><input  autocomplete=\"off\" class=\"um-form-field valid \" type=\"text\" name=\"username_b\" id=\"username_b\" value=\"\" placeholder=\"Insira seu email\" data-validate=\"\" data-key=\"username_b\"  aria-invalid=\"false\" \/>\r\n\r\n\t\t\t\t\t\t<\/div><\/div>\r\n\t\t\t\t<div class=\"um-col-alt um-col-alt-b\">\r\n\r\n\t\t\t\t\t<div class=\"um-center\">\r\n\t\t\t\t\t\t<input type=\"submit\" value=\"Alterar senha\" class=\"um-button\" id=\"um-submit-btn\" \/>\r\n\t\t\t\t\t<\/div>\r\n\r\n\t\t\t\t\t<div class=\"um-clear\"><\/div>\r\n\r\n\t\t\t\t<\/div>\r\n\r\n\t\t\t\t\t\t<input type=\"hidden\" name=\"form_id\" id=\"form_id_um_password_id\" value=\"um_password_id\" \/>\r\n\t\r\n\t<p class=\"um_request_name\">\r\n\t\t<label for=\"um_request_um_password_id\">Only fill in if you are not human<\/label>\r\n\t\t<input type=\"hidden\" name=\"um_request\" id=\"um_request_um_password_id\" class=\"input\" value=\"\" size=\"25\" autocomplete=\"off\" \/>\r\n\t<\/p>\r\n\r\n\t\t\t<\/form>\r\n\t<\/div>\r\n<\/div>\r\n<style>\r\n\t\t\t.um-um_password_id.um {\r\n\t\t\tmax-width: 450px;\r\n\t\t}\r\n\t\t<\/style>\r\n<\/div>\r\n\t\t\t\t<\/div>\r\n\t\t\t\t<\/div>\r\n\t\t\t\t<div class=\"elementor-element elementor-element-af6a939 elementor-widget elementor-widget-html\" data-id=\"af6a939\" data-element_type=\"widget\" data-widget_type=\"html.default\">\r\n\t\t\t\t<div class=\"elementor-widget-container\">\r\n\t\t\t<div id=\"login-button-container\" style=\"text-align: center; margin-top: 20px;\"><\/div>\r\n\r\n<script type=\"text\/javascript\">\r\n    document.addEventListener(\"DOMContentLoaded\", function() {\r\n        \/\/ Fun\u00e7\u00e3o para verificar se a URL cont\u00e9m 'updated=password_changed'\r\n        function checkPasswordChanged() {\r\n            const urlParams = new URLSearchParams(window.location.search);\r\n            return urlParams.has('updated') && urlParams.get('updated') === 'password_changed';\r\n        }\r\n\r\n        \/\/ Se a condi\u00e7\u00e3o for verdadeira, cria e insere o bot\u00e3o de login\r\n        if (checkPasswordChanged()) {\r\n            const container = document.getElementById('login-button-container');\r\n            const button = document.createElement('a');\r\n            button.href = '\/'; \/\/ Coloque a URL da p\u00e1gina inicial aqui\r\n            button.textContent = 'Login';\r\n            button.style.display = 'inline-block';\r\n            button.style.padding = '10px 20px';\r\n            button.style.marginTop = '20px';\r\n            button.style.backgroundColor = '#0075FF';\r\n            button.style.color = '#ffffff';\r\n            button.style.borderRadius = '5px';\r\n            button.style.textDecoration = 'none';\r\n            button.style.fontSize = '16px';\r\n            container.appendChild(button);\r\n        }\r\n    });\r\n<\/script>\r\n\t\t<\/div>\r\n\t\t\t\t<\/div>\r\n\t\t\t\t<\/div>\r\n\t\t\t\t<\/div>\r\n\t\t","protected":false},"excerpt":{"rendered":"","protected":false},"author":104,"featured_media":0,"parent":0,"menu_order":0,"comment_status":"closed","ping_status":"closed","template":"elementor_canvas","meta":{"footnotes":""},"class_list":["post-1207","page","type-page","status-publish","hentry"],"_links":{"self":[{"href":"https:\/\/ipepbrasil.org.br\/ead\/wp-json\/wp\/v2\/pages\/1207","targetHints":{"allow":["GET"]}}],"collection":[{"href":"https:\/\/ipepbrasil.org.br\/ead\/wp-json\/wp\/v2\/pages"}],"about":[{"href":"https:\/\/ipepbrasil.org.br\/ead\/wp-json\/wp\/v2\/types\/page"}],"author":[{"embeddable":true,"href":"https:\/\/ipepbrasil.org.br\/ead\/wp-json\/wp\/v2\/users\/104"}],"replies":[{"embeddable":true,"href":"https:\/\/ipepbrasil.org.br\/ead\/wp-json\/wp\/v2\/comments?post=1207"}],"version-history":[{"count":21,"href":"https:\/\/ipepbrasil.org.br\/ead\/wp-json\/wp\/v2\/pages\/1207\/revisions"}],"predecessor-version":[{"id":1231,"href":"https:\/\/ipepbrasil.org.br\/ead\/wp-json\/wp\/v2\/pages\/1207\/revisions\/1231"}],"wp:attachment":[{"href":"https:\/\/ipepbrasil.org.br\/ead\/wp-json\/wp\/v2\/media?parent=1207"}],"curies":[{"name":"wp","href":"https:\/\/api.w.org\/{rel}","templated":true}]}}